{"id":289,"date":"2021-05-26T11:56:58","date_gmt":"2021-05-26T14:56:58","guid":{"rendered":"https:\/\/www.pratissolihnos.com.ar\/web\/producto\/boveda-economico-con-zocalo-gaspeado-con-paneles\/"},"modified":"2021-05-27T15:48:35","modified_gmt":"2021-05-27T18:48:35","slug":"boveda-economico-con-zocalo-gaspeado-con-paneles","status":"publish","type":"product","link":"https:\/\/www.pratissolihnos.com.ar\/web\/producto\/boveda-economico-con-zocalo-gaspeado-con-paneles\/","title":{"rendered":"B\u00f3veda econ\u00f3mico con z\u00f3calo gaspeado con paneles"},"content":{"rendered":"<p>B\u00f3veda econ\u00f3mico con z\u00f3calo gaspeado con paneles<\/p>\n","protected":false},"excerpt":{"rendered":"<p>B\u00f3veda econ\u00f3mico con z\u00f3calo gaspeado con paneles<\/p>\n","protected":false},"featured_media":416,"comment_status":"closed","ping_status":"closed","template":"","meta":[],"class_list":["post-289","product","type-product","status-publish","has-post-thumbnail","hentry","product_cat-ataudes-de-madera"],"_links":{"self":[{"href":"https:\/\/www.pratissolihnos.com.ar\/web\/wp-json\/wp\/v2\/product\/289"}],"collection":[{"href":"https:\/\/www.pratissolihnos.com.ar\/web\/wp-json\/wp\/v2\/product"}],"about":[{"href":"https:\/\/www.pratissolihnos.com.ar\/web\/wp-json\/wp\/v2\/types\/product"}],"replies":[{"embeddable":true,"href":"https:\/\/www.pratissolihnos.com.ar\/web\/wp-json\/wp\/v2\/comments?post=289"}],"wp:featuredmedia":[{"embeddable":true,"href":"https:\/\/www.pratissolihnos.com.ar\/web\/wp-json\/wp\/v2\/media\/416"}],"wp:attachment":[{"href":"https:\/\/www.pratissolihnos.com.ar\/web\/wp-json\/wp\/v2\/media?parent=289"}],"curies":[{"name":"wp","href":"https:\/\/api.w.org\/{rel}","templated":true}]}}