{"id":312,"date":"2021-05-26T12:38:56","date_gmt":"2021-05-26T15:38:56","guid":{"rendered":"https:\/\/www.pratissolihnos.com.ar\/web\/producto\/redondo-baul-economico\/"},"modified":"2021-05-27T16:42:58","modified_gmt":"2021-05-27T19:42:58","slug":"redondo-baul-economico","status":"publish","type":"product","link":"https:\/\/www.pratissolihnos.com.ar\/web\/producto\/redondo-baul-economico\/","title":{"rendered":"Redondo ba\u00fal econ\u00f3mico"},"content":{"rendered":"<p>Redondo ba\u00fal econ\u00f3mico<\/p>\n","protected":false},"excerpt":{"rendered":"<p>Redondo ba\u00fal econ\u00f3mico<\/p>\n","protected":false},"featured_media":426,"comment_status":"closed","ping_status":"closed","template":"","meta":[],"class_list":["post-312","product","type-product","status-publish","has-post-thumbnail","hentry","product_cat-ataudes-de-poliester"],"_links":{"self":[{"href":"https:\/\/www.pratissolihnos.com.ar\/web\/wp-json\/wp\/v2\/product\/312"}],"collection":[{"href":"https:\/\/www.pratissolihnos.com.ar\/web\/wp-json\/wp\/v2\/product"}],"about":[{"href":"https:\/\/www.pratissolihnos.com.ar\/web\/wp-json\/wp\/v2\/types\/product"}],"replies":[{"embeddable":true,"href":"https:\/\/www.pratissolihnos.com.ar\/web\/wp-json\/wp\/v2\/comments?post=312"}],"wp:featuredmedia":[{"embeddable":true,"href":"https:\/\/www.pratissolihnos.com.ar\/web\/wp-json\/wp\/v2\/media\/426"}],"wp:attachment":[{"href":"https:\/\/www.pratissolihnos.com.ar\/web\/wp-json\/wp\/v2\/media?parent=312"}],"curies":[{"name":"wp","href":"https:\/\/api.w.org\/{rel}","templated":true}]}}